{"id":2406,"date":"2023-11-10T00:38:57","date_gmt":"2023-11-10T00:38:57","guid":{"rendered":"https:\/\/www.arsul.pt\/?page_id=2406"},"modified":"2024-05-20T19:28:55","modified_gmt":"2024-05-20T19:28:55","slug":"mensagem-enviada-obrigado","status":"publish","type":"page","link":"https:\/\/www.arsul.pt\/en\/message-sent-thank-you\/","title":{"rendered":"Thank you Page - Contact Form"},"content":{"rendered":"<div data-elementor-type=\"wp-page\" data-elementor-id=\"2406\" class=\"elementor elementor-2406\" data-elementor-post-type=\"page\">\n\t\t\t\t\t\t\t\t\t<section class=\"elementor-section elementor-top-section elementor-element elementor-element-c6421bf elementor-section-height-min-height elementor-section-items-stretch elementor-section-boxed elementor-section-height-default\" data-id=\"c6421bf\" data-element_type=\"section\" data-settings=\"{&quot;background_background&quot;:&quot;classic&quot;}\">\n\t\t\t\t\t\t\t<div class=\"elementor-background-overlay\"><\/div>\n\t\t\t\t\t\t\t<div class=\"elementor-container elementor-column-gap-no\">\n\t\t\t\t\t<div class=\"elementor-column elementor-col-100 elementor-top-column elementor-element elementor-element-4f9f86d\" data-id=\"4f9f86d\" data-element_type=\"column\">\n\t\t\t<div class=\"elementor-widget-wrap elementor-element-populated\">\n\t\t\t\t\t\t\t\t<div class=\"elementor-element elementor-element-6f14202 elementor-widget__width-inherit elementor-widget-tablet__width-inherit elementor-widget-mobile__width-initial elementor-widget elementor-widget-heading\" data-id=\"6f14202\" data-element_type=\"widget\" data-widget_type=\"heading.default\">\n\t\t\t\t<div class=\"elementor-widget-container\">\n\t\t\t<style>\/*! elementor - v3.15.0 - 20-08-2023 *\/\n.elementor-heading-title{padding:0;margin:0;line-height:1}.elementor-widget-heading .elementor-heading-title[class*=elementor-size-]>a{color:inherit;font-size:inherit;line-height:inherit}.elementor-widget-heading .elementor-heading-title.elementor-size-small{font-size:15px}.elementor-widget-heading .elementor-heading-title.elementor-size-medium{font-size:19px}.elementor-widget-heading .elementor-heading-title.elementor-size-large{font-size:29px}.elementor-widget-heading .elementor-heading-title.elementor-size-xl{font-size:39px}.elementor-widget-heading .elementor-heading-title.elementor-size-xxl{font-size:59px}<\/style><h2 class=\"elementor-heading-title elementor-size-default\">Thank you for contacting Arsul<\/h2>\t\t<\/div>\n\t\t\t\t<\/div>\n\t\t\t\t<div class=\"elementor-element elementor-element-b8907c7 elementor-widget elementor-widget-heading\" data-id=\"b8907c7\" data-element_type=\"widget\" data-widget_type=\"heading.default\">\n\t\t\t\t<div class=\"elementor-widget-container\">\n\t\t\t<h1 class=\"elementor-heading-title elementor-size-default\">Message sent<\/h1>\t\t<\/div>\n\t\t\t\t<\/div>\n\t\t\t\t<div class=\"elementor-element elementor-element-3a1e84f elementor-widget elementor-widget-text-editor\" data-id=\"3a1e84f\" data-element_type=\"widget\" data-widget_type=\"text-editor.default\">\n\t\t\t\t<div class=\"elementor-widget-container\">\n\t\t\t<style>\/*! elementor - v3.15.0 - 20-08-2023 *\/\n.elementor-widget-text-editor.elementor-drop-cap-view-stacked .elementor-drop-cap{background-color:#69727d;color:#fff}.elementor-widget-text-editor.elementor-drop-cap-view-framed .elementor-drop-cap{color:#69727d;border:3px solid;background-color:transparent}.elementor-widget-text-editor:not(.elementor-drop-cap-view-default) .elementor-drop-cap{margin-top:8px}.elementor-widget-text-editor:not(.elementor-drop-cap-view-default) .elementor-drop-cap-letter{width:1em;height:1em}.elementor-widget-text-editor .elementor-drop-cap{float:left;text-align:center;line-height:1;font-size:50px}.elementor-widget-text-editor .elementor-drop-cap-letter{display:inline-block}<\/style>\t\t\t\t<p>Our team will get back to you as soon as possible.<\/p>\t\t\t\t\t\t<\/div>\n\t\t\t\t<\/div>\n\t\t\t\t<div class=\"elementor-element elementor-element-b4825eb elementor-align-center elementor-tablet-align-center elementor-widget elementor-widget-button\" data-id=\"b4825eb\" data-element_type=\"widget\" data-widget_type=\"button.default\">\n\t\t\t\t<div class=\"elementor-widget-container\">\n\t\t\t\t\t<div class=\"elementor-button-wrapper\">\n\t\t\t<a class=\"elementor-button elementor-button-link elementor-size-sm\" href=\"https:\/\/www.arsul.pt\/en\">\n\t\t\t\t\t\t<span class=\"elementor-button-content-wrapper\">\n\t\t\t\t\t\t<span class=\"elementor-button-text\">Back to Home<\/span>\n\t\t<\/span>\n\t\t\t\t\t<\/a>\n\t\t<\/div>\n\t\t\t\t<\/div>\n\t\t\t\t<\/div>\n\t\t\t\t\t<\/div>\n\t\t<\/div>\n\t\t\t\t\t\t\t<\/div>\n\t\t<\/section>\n\t\t\t\t\t\t\t<\/div>","protected":false},"excerpt":{"rendered":"<p>Obrigado por contactar a Arsul Mensagem enviada A nossa equipa ir\u00e1 responder ao seu contacto assim que poss\u00edvel. Voltar para a Home<\/p>","protected":false},"author":3,"featured_media":3430,"parent":0,"menu_order":0,"comment_status":"closed","ping_status":"closed","template":"elementor_header_footer","meta":{"footnotes":""},"yoast_head":"<!-- This site is optimized with the Yoast SEO Premium plugin v20.5 (Yoast SEO v20.9) - https:\/\/yoast.com\/wordpress\/plugins\/seo\/ -->\n<title>Arsul - Solu\u00e7\u00f5es \u00e0 sua Medida<\/title>\n<meta name=\"description\" content=\"Desde 1985 no setor industrial do fabrico de todos os modelos de toldos, coberturas para esplanadas, tendas gigantes, stands, velas, guarda-s\u00f3is gigantes, tapa-ventos e similares.\" \/>\n<meta name=\"robots\" content=\"index, follow, max-snippet:-1, max-image-preview:large, max-video-preview:-1\" \/>\n<link rel=\"canonical\" href=\"https:\/\/www.arsul.pt\/en\/message-sent-thank-you\/\" \/>\n<meta property=\"og:locale\" content=\"en_GB\" \/>\n<meta property=\"og:type\" content=\"article\" \/>\n<meta property=\"og:title\" content=\"Thank you Page - Formul\u00e1rio de Contactos\" \/>\n<meta property=\"og:description\" content=\"Desde 1985 no setor industrial do fabrico de todos os modelos de toldos, coberturas para esplanadas, tendas gigantes, stands, velas, guarda-s\u00f3is gigantes, tapa-ventos e similares.\" \/>\n<meta property=\"og:url\" content=\"https:\/\/www.arsul.pt\/en\/message-sent-thank-you\/\" \/>\n<meta property=\"og:site_name\" content=\"Arsul\" \/>\n<meta property=\"article:modified_time\" content=\"2024-05-20T19:28:55+00:00\" \/>\n<meta property=\"og:image\" content=\"https:\/\/www.arsul.pt\/wp-content\/uploads\/2024\/01\/arsul_thumb_v2.png\" \/>\n\t<meta property=\"og:image:width\" content=\"260\" \/>\n\t<meta property=\"og:image:height\" content=\"260\" \/>\n\t<meta property=\"og:image:type\" content=\"image\/png\" \/>\n<meta name=\"twitter:card\" content=\"summary_large_image\" \/>\n<meta name=\"twitter:label1\" content=\"Est. reading time\" \/>\n\t<meta name=\"twitter:data1\" content=\"1 minute\" \/>\n<script type=\"application\/ld+json\" class=\"yoast-schema-graph\">{\"@context\":\"https:\/\/schema.org\",\"@graph\":[{\"@type\":\"WebPage\",\"@id\":\"https:\/\/www.arsul.pt\/mensagem-enviada-obrigado\/\",\"url\":\"https:\/\/www.arsul.pt\/mensagem-enviada-obrigado\/\",\"name\":\"Arsul - Solu\u00e7\u00f5es \u00e0 sua Medida\",\"isPartOf\":{\"@id\":\"https:\/\/www.arsul.pt\/#website\"},\"datePublished\":\"2023-11-10T00:38:57+00:00\",\"dateModified\":\"2024-05-20T19:28:55+00:00\",\"description\":\"Desde 1985 no setor industrial do fabrico de todos os modelos de toldos, coberturas para esplanadas, tendas gigantes, stands, velas, guarda-s\u00f3is gigantes, tapa-ventos e similares.\",\"breadcrumb\":{\"@id\":\"https:\/\/www.arsul.pt\/mensagem-enviada-obrigado\/#breadcrumb\"},\"inLanguage\":\"en-GB\",\"potentialAction\":[{\"@type\":\"ReadAction\",\"target\":[\"https:\/\/www.arsul.pt\/mensagem-enviada-obrigado\/\"]}]},{\"@type\":\"BreadcrumbList\",\"@id\":\"https:\/\/www.arsul.pt\/mensagem-enviada-obrigado\/#breadcrumb\",\"itemListElement\":[{\"@type\":\"ListItem\",\"position\":1,\"name\":\"Home\",\"item\":\"https:\/\/www.arsul.pt\/\"},{\"@type\":\"ListItem\",\"position\":2,\"name\":\"Thank you Page &#8211; Formul\u00e1rio de Contactos\"}]},{\"@type\":\"WebSite\",\"@id\":\"https:\/\/www.arsul.pt\/#website\",\"url\":\"https:\/\/www.arsul.pt\/\",\"name\":\"Arsul\",\"description\":\"Solu\u00e7\u00f5es \u00e0 sua Medida\",\"publisher\":{\"@id\":\"https:\/\/www.arsul.pt\/#organization\"},\"potentialAction\":[{\"@type\":\"SearchAction\",\"target\":{\"@type\":\"EntryPoint\",\"urlTemplate\":\"https:\/\/www.arsul.pt\/?s={search_term_string}\"},\"query-input\":\"required name=search_term_string\"}],\"inLanguage\":\"en-GB\"},{\"@type\":\"Organization\",\"@id\":\"https:\/\/www.arsul.pt\/#organization\",\"name\":\"Arsul\",\"url\":\"https:\/\/www.arsul.pt\/\",\"logo\":{\"@type\":\"ImageObject\",\"inLanguage\":\"en-GB\",\"@id\":\"https:\/\/www.arsul.pt\/#\/schema\/logo\/image\/\",\"url\":\"https:\/\/www.arsul.pt\/wp-content\/uploads\/2023\/10\/arsul_header_logo_final.png\",\"contentUrl\":\"https:\/\/www.arsul.pt\/wp-content\/uploads\/2023\/10\/arsul_header_logo_final.png\",\"width\":200,\"height\":71,\"caption\":\"Arsul\"},\"image\":{\"@id\":\"https:\/\/www.arsul.pt\/#\/schema\/logo\/image\/\"}}]}<\/script>\n<!-- \/ Yoast SEO Premium plugin. -->","yoast_head_json":{"title":"Arsul - Solu\u00e7\u00f5es \u00e0 sua Medida","description":"Desde 1985 no setor industrial do fabrico de todos os modelos de toldos, coberturas para esplanadas, tendas gigantes, stands, velas, guarda-s\u00f3is gigantes, tapa-ventos e similares.","robots":{"index":"index","follow":"follow","max-snippet":"max-snippet:-1","max-image-preview":"max-image-preview:large","max-video-preview":"max-video-preview:-1"},"canonical":"https:\/\/www.arsul.pt\/en\/message-sent-thank-you\/","og_locale":"en_GB","og_type":"article","og_title":"Thank you Page - Formul\u00e1rio de Contactos","og_description":"Desde 1985 no setor industrial do fabrico de todos os modelos de toldos, coberturas para esplanadas, tendas gigantes, stands, velas, guarda-s\u00f3is gigantes, tapa-ventos e similares.","og_url":"https:\/\/www.arsul.pt\/en\/message-sent-thank-you\/","og_site_name":"Arsul","article_modified_time":"2024-05-20T19:28:55+00:00","og_image":[{"width":260,"height":260,"url":"https:\/\/www.arsul.pt\/wp-content\/uploads\/2024\/01\/arsul_thumb_v2.png","type":"image\/png"}],"twitter_card":"summary_large_image","twitter_misc":{"Est. reading time":"1 minute"},"schema":{"@context":"https:\/\/schema.org","@graph":[{"@type":"WebPage","@id":"https:\/\/www.arsul.pt\/mensagem-enviada-obrigado\/","url":"https:\/\/www.arsul.pt\/mensagem-enviada-obrigado\/","name":"Arsul - Solu\u00e7\u00f5es \u00e0 sua Medida","isPartOf":{"@id":"https:\/\/www.arsul.pt\/#website"},"datePublished":"2023-11-10T00:38:57+00:00","dateModified":"2024-05-20T19:28:55+00:00","description":"Desde 1985 no setor industrial do fabrico de todos os modelos de toldos, coberturas para esplanadas, tendas gigantes, stands, velas, guarda-s\u00f3is gigantes, tapa-ventos e similares.","breadcrumb":{"@id":"https:\/\/www.arsul.pt\/mensagem-enviada-obrigado\/#breadcrumb"},"inLanguage":"en-GB","potentialAction":[{"@type":"ReadAction","target":["https:\/\/www.arsul.pt\/mensagem-enviada-obrigado\/"]}]},{"@type":"BreadcrumbList","@id":"https:\/\/www.arsul.pt\/mensagem-enviada-obrigado\/#breadcrumb","itemListElement":[{"@type":"ListItem","position":1,"name":"Home","item":"https:\/\/www.arsul.pt\/"},{"@type":"ListItem","position":2,"name":"Thank you Page &#8211; Formul\u00e1rio de Contactos"}]},{"@type":"WebSite","@id":"https:\/\/www.arsul.pt\/#website","url":"https:\/\/www.arsul.pt\/","name":"Arsul","description":"Solu\u00e7\u00f5es \u00e0 sua Medida","publisher":{"@id":"https:\/\/www.arsul.pt\/#organization"},"potentialAction":[{"@type":"SearchAction","target":{"@type":"EntryPoint","urlTemplate":"https:\/\/www.arsul.pt\/?s={search_term_string}"},"query-input":"required name=search_term_string"}],"inLanguage":"en-GB"},{"@type":"Organization","@id":"https:\/\/www.arsul.pt\/#organization","name":"Arsul","url":"https:\/\/www.arsul.pt\/","logo":{"@type":"ImageObject","inLanguage":"en-GB","@id":"https:\/\/www.arsul.pt\/#\/schema\/logo\/image\/","url":"https:\/\/www.arsul.pt\/wp-content\/uploads\/2023\/10\/arsul_header_logo_final.png","contentUrl":"https:\/\/www.arsul.pt\/wp-content\/uploads\/2023\/10\/arsul_header_logo_final.png","width":200,"height":71,"caption":"Arsul"},"image":{"@id":"https:\/\/www.arsul.pt\/#\/schema\/logo\/image\/"}}]}},"_links":{"self":[{"href":"https:\/\/www.arsul.pt\/en\/wp-json\/wp\/v2\/pages\/2406"}],"collection":[{"href":"https:\/\/www.arsul.pt\/en\/wp-json\/wp\/v2\/pages"}],"about":[{"href":"https:\/\/www.arsul.pt\/en\/wp-json\/wp\/v2\/types\/page"}],"author":[{"embeddable":true,"href":"https:\/\/www.arsul.pt\/en\/wp-json\/wp\/v2\/users\/3"}],"replies":[{"embeddable":true,"href":"https:\/\/www.arsul.pt\/en\/wp-json\/wp\/v2\/comments?post=2406"}],"version-history":[{"count":20,"href":"https:\/\/www.arsul.pt\/en\/wp-json\/wp\/v2\/pages\/2406\/revisions"}],"predecessor-version":[{"id":8185,"href":"https:\/\/www.arsul.pt\/en\/wp-json\/wp\/v2\/pages\/2406\/revisions\/8185"}],"wp:featuredmedia":[{"embeddable":true,"href":"https:\/\/www.arsul.pt\/en\/wp-json\/wp\/v2\/media\/3430"}],"wp:attachment":[{"href":"https:\/\/www.arsul.pt\/en\/wp-json\/wp\/v2\/media?parent=2406"}],"curies":[{"name":"wp","href":"https:\/\/api.w.org\/{rel}","templated":true}]}}