{"id":8976,"date":"2025-01-30T14:53:59","date_gmt":"2025-01-30T14:53:59","guid":{"rendered":"https:\/\/www.arsul.pt\/?page_id=8976"},"modified":"2025-01-30T15:06:26","modified_gmt":"2025-01-30T15:06:26","slug":"garantia","status":"publish","type":"page","link":"https:\/\/www.arsul.pt\/pt\/garantia\/","title":{"rendered":"Garantia"},"content":{"rendered":"\t\t<div data-elementor-type=\"wp-page\" data-elementor-id=\"8976\" class=\"elementor elementor-8976\" data-elementor-post-type=\"page\">\n\t\t\t\t\t\t\t\t\t<section class=\"elementor-section elementor-top-section elementor-element elementor-element-741ab20 elementor-section-boxed elementor-section-height-default elementor-section-height-default\" data-id=\"741ab20\" data-element_type=\"section\" data-settings=\"{&quot;background_background&quot;:&quot;classic&quot;}\">\n\t\t\t\t\t\t\t<div class=\"elementor-background-overlay\"><\/div>\n\t\t\t\t\t\t\t<div class=\"elementor-container elementor-column-gap-no\">\n\t\t\t\t\t<div class=\"elementor-column elementor-col-100 elementor-top-column elementor-element elementor-element-bd0bef8\" data-id=\"bd0bef8\" data-element_type=\"column\">\n\t\t\t<div class=\"elementor-widget-wrap elementor-element-populated\">\n\t\t\t\t\t\t\t\t<div class=\"elementor-element elementor-element-3c6dc71 elementor-widget elementor-widget-heading\" data-id=\"3c6dc71\" data-element_type=\"widget\" data-widget_type=\"heading.default\">\n\t\t\t\t<div class=\"elementor-widget-container\">\n\t\t\t<style>\/*! elementor - v3.15.0 - 20-08-2023 *\/\n.elementor-heading-title{padding:0;margin:0;line-height:1}.elementor-widget-heading .elementor-heading-title[class*=elementor-size-]>a{color:inherit;font-size:inherit;line-height:inherit}.elementor-widget-heading .elementor-heading-title.elementor-size-small{font-size:15px}.elementor-widget-heading .elementor-heading-title.elementor-size-medium{font-size:19px}.elementor-widget-heading .elementor-heading-title.elementor-size-large{font-size:29px}.elementor-widget-heading .elementor-heading-title.elementor-size-xl{font-size:39px}.elementor-widget-heading .elementor-heading-title.elementor-size-xxl{font-size:59px}<\/style><h1 class=\"elementor-heading-title elementor-size-default\">Garantia<\/h1>\t\t<\/div>\n\t\t\t\t<\/div>\n\t\t\t\t\t<\/div>\n\t\t<\/div>\n\t\t\t\t\t\t\t<\/div>\n\t\t<\/section>\n\t\t\t\t<section class=\"elementor-section elementor-top-section elementor-element elementor-element-790f156 elementor-section-boxed elementor-section-height-default elementor-section-height-default\" data-id=\"790f156\" data-element_type=\"section\" data-settings=\"{&quot;background_background&quot;:&quot;classic&quot;}\">\n\t\t\t\t\t\t<div class=\"elementor-container elementor-column-gap-no\">\n\t\t\t\t\t<div class=\"elementor-column elementor-col-100 elementor-top-column elementor-element elementor-element-5fa2754\" data-id=\"5fa2754\" data-element_type=\"column\">\n\t\t\t<div class=\"elementor-widget-wrap elementor-element-populated\">\n\t\t\t\t\t\t\t\t<div class=\"elementor-element elementor-element-2818514 elementor-widget elementor-widget-text-editor\" data-id=\"2818514\" data-element_type=\"widget\" data-widget_type=\"text-editor.default\">\n\t\t\t\t<div class=\"elementor-widget-container\">\n\t\t\t<style>\/*! elementor - v3.15.0 - 20-08-2023 *\/\n.elementor-widget-text-editor.elementor-drop-cap-view-stacked .elementor-drop-cap{background-color:#69727d;color:#fff}.elementor-widget-text-editor.elementor-drop-cap-view-framed .elementor-drop-cap{color:#69727d;border:3px solid;background-color:transparent}.elementor-widget-text-editor:not(.elementor-drop-cap-view-default) .elementor-drop-cap{margin-top:8px}.elementor-widget-text-editor:not(.elementor-drop-cap-view-default) .elementor-drop-cap-letter{width:1em;height:1em}.elementor-widget-text-editor .elementor-drop-cap{float:left;text-align:center;line-height:1;font-size:50px}.elementor-widget-text-editor .elementor-drop-cap-letter{display:inline-block}<\/style>\t\t\t\t<p>Todos os trabalhos fabricados e instalados pela <a href=\"http:\/\/www.arsul.pt\">Arsul<\/a> t\u00eam uma garantia de 3 anos, a contar da data da fatura do produto, contra defeitos de fabrico e\/ou montagem.<\/p><p>Esta garantia n\u00e3o abrange o uso incorreto do equipamento, incluindo a sua utiliza\u00e7\u00e3o em condi\u00e7\u00f5es para as quais n\u00e3o foi previamente concebido, fabricado e instalado, ou a ocorr\u00eancia de condi\u00e7\u00f5es meteorol\u00f3gicas adversas.<\/p><p>A garantia perde efeito caso seja efetuada por terceiros, n\u00e3o sendo permitidas exce\u00e7\u00f5es ou compromissos assumidos por qualquer empresa ou pessoa em nome da Arsul.<\/p><p>Assim sendo, deve seguir as seguintes indica\u00e7\u00f5es para fazer a manuten\u00e7\u00e3o do equipamento e garantir uma maior dura\u00e7\u00e3o dos seus componentes.<\/p>\t\t\t\t\t\t<\/div>\n\t\t\t\t<\/div>\n\t\t\t\t\t<\/div>\n\t\t<\/div>\n\t\t\t\t\t\t\t<\/div>\n\t\t<\/section>\n\t\t\t\t<section class=\"elementor-section elementor-top-section elementor-element elementor-element-38a71e6 elementor-section-boxed elementor-section-height-default elementor-section-height-default\" data-id=\"38a71e6\" data-element_type=\"section\">\n\t\t\t\t\t\t<div class=\"elementor-container elementor-column-gap-default\">\n\t\t\t\t\t<div class=\"elementor-column elementor-col-100 elementor-top-column elementor-element elementor-element-9709109\" data-id=\"9709109\" data-element_type=\"column\">\n\t\t\t<div class=\"elementor-widget-wrap elementor-element-populated\">\n\t\t\t\t\t\t\t\t<div class=\"elementor-element elementor-element-fd2ebec elementor-widget-divider--view-line elementor-widget elementor-widget-divider\" data-id=\"fd2ebec\" data-element_type=\"widget\" data-widget_type=\"divider.default\">\n\t\t\t\t<div class=\"elementor-widget-container\">\n\t\t\t<style>\/*! elementor - v3.15.0 - 20-08-2023 *\/\n.elementor-widget-divider{--divider-border-style:none;--divider-border-width:1px;--divider-color:#0c0d0e;--divider-icon-size:20px;--divider-element-spacing:10px;--divider-pattern-height:24px;--divider-pattern-size:20px;--divider-pattern-url:none;--divider-pattern-repeat:repeat-x}.elementor-widget-divider .elementor-divider{display:flex}.elementor-widget-divider .elementor-divider__text{font-size:15px;line-height:1;max-width:95%}.elementor-widget-divider .elementor-divider__element{margin:0 var(--divider-element-spacing);flex-shrink:0}.elementor-widget-divider .elementor-icon{font-size:var(--divider-icon-size)}.elementor-widget-divider .elementor-divider-separator{display:flex;margin:0;direction:ltr}.elementor-widget-divider--view-line_icon .elementor-divider-separator,.elementor-widget-divider--view-line_text .elementor-divider-separator{align-items:center}.elementor-widget-divider--view-line_icon .elementor-divider-separator:after,.elementor-widget-divider--view-line_icon .elementor-divider-separator:before,.elementor-widget-divider--view-line_text .elementor-divider-separator:after,.elementor-widget-divider--view-line_text .elementor-divider-separator:before{display:block;content:\"\";border-bottom:0;flex-grow:1;border-top:var(--divider-border-width) var(--divider-border-style) var(--divider-color)}.elementor-widget-divider--element-align-left .elementor-divider .elementor-divider-separator>.elementor-divider__svg:first-of-type{flex-grow:0;flex-shrink:100}.elementor-widget-divider--element-align-left .elementor-divider-separator:before{content:none}.elementor-widget-divider--element-align-left .elementor-divider__element{margin-left:0}.elementor-widget-divider--element-align-right .elementor-divider .elementor-divider-separator>.elementor-divider__svg:last-of-type{flex-grow:0;flex-shrink:100}.elementor-widget-divider--element-align-right .elementor-divider-separator:after{content:none}.elementor-widget-divider--element-align-right .elementor-divider__element{margin-right:0}.elementor-widget-divider:not(.elementor-widget-divider--view-line_text):not(.elementor-widget-divider--view-line_icon) .elementor-divider-separator{border-top:var(--divider-border-width) var(--divider-border-style) var(--divider-color)}.elementor-widget-divider--separator-type-pattern{--divider-border-style:none}.elementor-widget-divider--separator-type-pattern.elementor-widget-divider--view-line .elementor-divider-separator,.elementor-widget-divider--separator-type-pattern:not(.elementor-widget-divider--view-line) .elementor-divider-separator:after,.elementor-widget-divider--separator-type-pattern:not(.elementor-widget-divider--view-line) .elementor-divider-separator:before,.elementor-widget-divider--separator-type-pattern:not([class*=elementor-widget-divider--view]) .elementor-divider-separator{width:100%;min-height:var(--divider-pattern-height);-webkit-mask-size:var(--divider-pattern-size) 100%;mask-size:var(--divider-pattern-size) 100%;-webkit-mask-repeat:var(--divider-pattern-repeat);mask-repeat:var(--divider-pattern-repeat);background-color:var(--divider-color);-webkit-mask-image:var(--divider-pattern-url);mask-image:var(--divider-pattern-url)}.elementor-widget-divider--no-spacing{--divider-pattern-size:auto}.elementor-widget-divider--bg-round{--divider-pattern-repeat:round}.rtl .elementor-widget-divider .elementor-divider__text{direction:rtl}.e-con-inner>.elementor-widget-divider,.e-con>.elementor-widget-divider{width:var(--container-widget-width,100%);--flex-grow:var(--container-widget-flex-grow)}<\/style>\t\t<div class=\"elementor-divider\">\n\t\t\t<span class=\"elementor-divider-separator\">\n\t\t\t\t\t\t<\/span>\n\t\t<\/div>\n\t\t\t\t<\/div>\n\t\t\t\t<\/div>\n\t\t\t\t\t<\/div>\n\t\t<\/div>\n\t\t\t\t\t\t\t<\/div>\n\t\t<\/section>\n\t\t\t\t<section class=\"elementor-section elementor-top-section elementor-element elementor-element-26705f9 elementor-section-boxed elementor-section-height-default elementor-section-height-default\" data-id=\"26705f9\" data-element_type=\"section\">\n\t\t\t\t\t\t\t<div class=\"elementor-background-overlay\"><\/div>\n\t\t\t\t\t\t\t<div class=\"elementor-container elementor-column-gap-default\">\n\t\t\t\t\t<div class=\"elementor-column elementor-col-50 elementor-top-column elementor-element elementor-element-fb8021f\" data-id=\"fb8021f\" data-element_type=\"column\">\n\t\t\t<div class=\"elementor-widget-wrap elementor-element-populated\">\n\t\t\t\t\t\t\t\t<div class=\"elementor-element elementor-element-5376504 elementor-widget elementor-widget-heading\" data-id=\"5376504\" data-element_type=\"widget\" data-widget_type=\"heading.default\">\n\t\t\t\t<div class=\"elementor-widget-container\">\n\t\t\t<h2 class=\"elementor-heading-title elementor-size-default\">mANUTEN\u00c7\u00c3O<\/h2>\t\t<\/div>\n\t\t\t\t<\/div>\n\t\t\t\t<div class=\"elementor-element elementor-element-a1ad9bf elementor-widget elementor-widget-text-editor\" data-id=\"a1ad9bf\" data-element_type=\"widget\" data-widget_type=\"text-editor.default\">\n\t\t\t\t<div class=\"elementor-widget-container\">\n\t\t\t\t\t\t\t<ul><li>Dever\u00e1 fechar o toldo sempre que o mesmo n\u00e3o estiver a ser utilizado, e na ocorr\u00eancia de chuva e\/ou vento forte, para evitar que seja danificado. Se o fechar molhado, quando as condi\u00e7\u00f5es o permitam, o toldo dever\u00e1 voltar a ser aberto para garantir a sua secagem completa.<\/li><li>N\u00e3o dever\u00e1 colocar\/pendurar nenhum objeto no toldo.<\/li><li>Anualmente, aplique um lubrificante (ex. WD-40) nos componentes met\u00e1licos m\u00f3veis, evitando atingir o tecido.<\/li><\/ul>\t\t\t\t\t\t<\/div>\n\t\t\t\t<\/div>\n\t\t\t\t\t<\/div>\n\t\t<\/div>\n\t\t\t\t<div class=\"elementor-column elementor-col-50 elementor-top-column elementor-element elementor-element-e22e28a\" data-id=\"e22e28a\" data-element_type=\"column\">\n\t\t\t<div class=\"elementor-widget-wrap elementor-element-populated\">\n\t\t\t\t\t\t\t\t<div class=\"elementor-element elementor-element-b5ee610 elementor-widget elementor-widget-heading\" data-id=\"b5ee610\" data-element_type=\"widget\" data-widget_type=\"heading.default\">\n\t\t\t\t<div class=\"elementor-widget-container\">\n\t\t\t<h2 class=\"elementor-heading-title elementor-size-default\">limpeza<\/h2>\t\t<\/div>\n\t\t\t\t<\/div>\n\t\t\t\t<div class=\"elementor-element elementor-element-65d0519 elementor-widget elementor-widget-text-editor\" data-id=\"65d0519\" data-element_type=\"widget\" data-widget_type=\"text-editor.default\">\n\t\t\t\t<div class=\"elementor-widget-container\">\n\t\t\t\t\t\t\t<ul><li>O toldo dever\u00e1 ser limpo sempre que necess\u00e1rio, evitando a acumula\u00e7\u00e3o de p\u00f3 e res\u00edduos.<\/li><li>Aplique uma mistura de \u00e1gua e sab\u00e3o neutro e esfregue suavemente. Enxague e deixe secar completamente antes de o recolher.<\/li><li>N\u00e3o utilize solventes, produtos abrasivos ou m\u00e1quinas de limpeza de alta press\u00e3o.<\/li><\/ul>\t\t\t\t\t\t<\/div>\n\t\t\t\t<\/div>\n\t\t\t\t\t<\/div>\n\t\t<\/div>\n\t\t\t\t\t\t\t<\/div>\n\t\t<\/section>\n\t\t\t\t\t\t\t<\/div>\n\t\t","protected":false},"excerpt":{"rendered":"<p>Garantia Todos os trabalhos fabricados e instalados pela Arsul t\u00eam uma garantia de 3 anos, a contar da data da fatura do produto, contra defeitos de fabrico e\/ou montagem. Esta garantia n\u00e3o abrange o uso incorreto do equipamento, incluindo a sua utiliza\u00e7\u00e3o em condi\u00e7\u00f5es para as quais n\u00e3o foi previamente concebido, fabricado e instalado, ou [&hellip;]<\/p>\n","protected":false},"author":9,"featured_media":3430,"parent":0,"menu_order":0,"comment_status":"closed","ping_status":"closed","template":"elementor_header_footer","meta":{"footnotes":""},"yoast_head":"<!-- This site is optimized with the Yoast SEO Premium plugin v20.5 (Yoast SEO v20.9) - https:\/\/yoast.com\/wordpress\/plugins\/seo\/ -->\n<title>Garantia dos nossos produtos | ARSUL<\/title>\n<meta name=\"description\" content=\"ARSUL uma empresa de toldos, cobertura e similares, inovadora no sector com sede e f\u00e1brica em Mexilhoeira Grande-Portim\u00e3o-Algarve.\" \/>\n<meta name=\"robots\" content=\"index, follow, max-snippet:-1, max-image-preview:large, max-video-preview:-1\" \/>\n<link rel=\"canonical\" href=\"https:\/\/www.arsul.pt\/pt\/garantia\/\" \/>\n<meta property=\"og:locale\" content=\"pt_PT\" \/>\n<meta property=\"og:type\" content=\"article\" \/>\n<meta property=\"og:title\" content=\"Garantia\" \/>\n<meta property=\"og:description\" content=\"ARSUL uma empresa de toldos, cobertura e similares, inovadora no sector com sede e f\u00e1brica em Mexilhoeira Grande-Portim\u00e3o-Algarve.\" \/>\n<meta property=\"og:url\" content=\"https:\/\/www.arsul.pt\/pt\/garantia\/\" \/>\n<meta property=\"og:site_name\" content=\"Arsul\" \/>\n<meta property=\"article:modified_time\" content=\"2025-01-30T15:06:26+00:00\" \/>\n<meta property=\"og:image\" content=\"https:\/\/www.arsul.pt\/wp-content\/uploads\/2024\/01\/arsul_thumb_v2.png\" \/>\n\t<meta property=\"og:image:width\" content=\"260\" \/>\n\t<meta property=\"og:image:height\" content=\"260\" \/>\n\t<meta property=\"og:image:type\" content=\"image\/png\" \/>\n<meta name=\"twitter:card\" content=\"summary_large_image\" \/>\n<meta name=\"twitter:label1\" content=\"Tempo estimado de leitura\" \/>\n\t<meta name=\"twitter:data1\" content=\"2 minutos\" \/>\n<script type=\"application\/ld+json\" class=\"yoast-schema-graph\">{\"@context\":\"https:\/\/schema.org\",\"@graph\":[{\"@type\":\"WebPage\",\"@id\":\"https:\/\/www.arsul.pt\/garantia\/\",\"url\":\"https:\/\/www.arsul.pt\/garantia\/\",\"name\":\"Garantia dos nossos produtos | ARSUL\",\"isPartOf\":{\"@id\":\"https:\/\/www.arsul.pt\/#website\"},\"datePublished\":\"2025-01-30T14:53:59+00:00\",\"dateModified\":\"2025-01-30T15:06:26+00:00\",\"description\":\"ARSUL uma empresa de toldos, cobertura e similares, inovadora no sector com sede e f\u00e1brica em Mexilhoeira Grande-Portim\u00e3o-Algarve.\",\"breadcrumb\":{\"@id\":\"https:\/\/www.arsul.pt\/garantia\/#breadcrumb\"},\"inLanguage\":\"pt-PT\",\"potentialAction\":[{\"@type\":\"ReadAction\",\"target\":[\"https:\/\/www.arsul.pt\/garantia\/\"]}]},{\"@type\":\"BreadcrumbList\",\"@id\":\"https:\/\/www.arsul.pt\/garantia\/#breadcrumb\",\"itemListElement\":[{\"@type\":\"ListItem\",\"position\":1,\"name\":\"Home\",\"item\":\"https:\/\/www.arsul.pt\/\"},{\"@type\":\"ListItem\",\"position\":2,\"name\":\"Garantia\"}]},{\"@type\":\"WebSite\",\"@id\":\"https:\/\/www.arsul.pt\/#website\",\"url\":\"https:\/\/www.arsul.pt\/\",\"name\":\"Arsul\",\"description\":\"Solu\u00e7\u00f5es \u00e0 sua Medida\",\"publisher\":{\"@id\":\"https:\/\/www.arsul.pt\/#organization\"},\"potentialAction\":[{\"@type\":\"SearchAction\",\"target\":{\"@type\":\"EntryPoint\",\"urlTemplate\":\"https:\/\/www.arsul.pt\/?s={search_term_string}\"},\"query-input\":\"required name=search_term_string\"}],\"inLanguage\":\"pt-PT\"},{\"@type\":\"Organization\",\"@id\":\"https:\/\/www.arsul.pt\/#organization\",\"name\":\"Arsul\",\"url\":\"https:\/\/www.arsul.pt\/\",\"logo\":{\"@type\":\"ImageObject\",\"inLanguage\":\"pt-PT\",\"@id\":\"https:\/\/www.arsul.pt\/#\/schema\/logo\/image\/\",\"url\":\"https:\/\/www.arsul.pt\/wp-content\/uploads\/2023\/10\/arsul_header_logo_final.png\",\"contentUrl\":\"https:\/\/www.arsul.pt\/wp-content\/uploads\/2023\/10\/arsul_header_logo_final.png\",\"width\":200,\"height\":71,\"caption\":\"Arsul\"},\"image\":{\"@id\":\"https:\/\/www.arsul.pt\/#\/schema\/logo\/image\/\"}}]}<\/script>\n<!-- \/ Yoast SEO Premium plugin. -->","yoast_head_json":{"title":"Garantia dos nossos produtos | ARSUL","description":"ARSUL uma empresa de toldos, cobertura e similares, inovadora no sector com sede e f\u00e1brica em Mexilhoeira Grande-Portim\u00e3o-Algarve.","robots":{"index":"index","follow":"follow","max-snippet":"max-snippet:-1","max-image-preview":"max-image-preview:large","max-video-preview":"max-video-preview:-1"},"canonical":"https:\/\/www.arsul.pt\/pt\/garantia\/","og_locale":"pt_PT","og_type":"article","og_title":"Garantia","og_description":"ARSUL uma empresa de toldos, cobertura e similares, inovadora no sector com sede e f\u00e1brica em Mexilhoeira Grande-Portim\u00e3o-Algarve.","og_url":"https:\/\/www.arsul.pt\/pt\/garantia\/","og_site_name":"Arsul","article_modified_time":"2025-01-30T15:06:26+00:00","og_image":[{"width":260,"height":260,"url":"https:\/\/www.arsul.pt\/wp-content\/uploads\/2024\/01\/arsul_thumb_v2.png","type":"image\/png"}],"twitter_card":"summary_large_image","twitter_misc":{"Tempo estimado de leitura":"2 minutos"},"schema":{"@context":"https:\/\/schema.org","@graph":[{"@type":"WebPage","@id":"https:\/\/www.arsul.pt\/garantia\/","url":"https:\/\/www.arsul.pt\/garantia\/","name":"Garantia dos nossos produtos | ARSUL","isPartOf":{"@id":"https:\/\/www.arsul.pt\/#website"},"datePublished":"2025-01-30T14:53:59+00:00","dateModified":"2025-01-30T15:06:26+00:00","description":"ARSUL uma empresa de toldos, cobertura e similares, inovadora no sector com sede e f\u00e1brica em Mexilhoeira Grande-Portim\u00e3o-Algarve.","breadcrumb":{"@id":"https:\/\/www.arsul.pt\/garantia\/#breadcrumb"},"inLanguage":"pt-PT","potentialAction":[{"@type":"ReadAction","target":["https:\/\/www.arsul.pt\/garantia\/"]}]},{"@type":"BreadcrumbList","@id":"https:\/\/www.arsul.pt\/garantia\/#breadcrumb","itemListElement":[{"@type":"ListItem","position":1,"name":"Home","item":"https:\/\/www.arsul.pt\/"},{"@type":"ListItem","position":2,"name":"Garantia"}]},{"@type":"WebSite","@id":"https:\/\/www.arsul.pt\/#website","url":"https:\/\/www.arsul.pt\/","name":"Arsul","description":"Solu\u00e7\u00f5es \u00e0 sua Medida","publisher":{"@id":"https:\/\/www.arsul.pt\/#organization"},"potentialAction":[{"@type":"SearchAction","target":{"@type":"EntryPoint","urlTemplate":"https:\/\/www.arsul.pt\/?s={search_term_string}"},"query-input":"required name=search_term_string"}],"inLanguage":"pt-PT"},{"@type":"Organization","@id":"https:\/\/www.arsul.pt\/#organization","name":"Arsul","url":"https:\/\/www.arsul.pt\/","logo":{"@type":"ImageObject","inLanguage":"pt-PT","@id":"https:\/\/www.arsul.pt\/#\/schema\/logo\/image\/","url":"https:\/\/www.arsul.pt\/wp-content\/uploads\/2023\/10\/arsul_header_logo_final.png","contentUrl":"https:\/\/www.arsul.pt\/wp-content\/uploads\/2023\/10\/arsul_header_logo_final.png","width":200,"height":71,"caption":"Arsul"},"image":{"@id":"https:\/\/www.arsul.pt\/#\/schema\/logo\/image\/"}}]}},"_links":{"self":[{"href":"https:\/\/www.arsul.pt\/pt\/wp-json\/wp\/v2\/pages\/8976"}],"collection":[{"href":"https:\/\/www.arsul.pt\/pt\/wp-json\/wp\/v2\/pages"}],"about":[{"href":"https:\/\/www.arsul.pt\/pt\/wp-json\/wp\/v2\/types\/page"}],"author":[{"embeddable":true,"href":"https:\/\/www.arsul.pt\/pt\/wp-json\/wp\/v2\/users\/9"}],"replies":[{"embeddable":true,"href":"https:\/\/www.arsul.pt\/pt\/wp-json\/wp\/v2\/comments?post=8976"}],"version-history":[{"count":20,"href":"https:\/\/www.arsul.pt\/pt\/wp-json\/wp\/v2\/pages\/8976\/revisions"}],"predecessor-version":[{"id":9030,"href":"https:\/\/www.arsul.pt\/pt\/wp-json\/wp\/v2\/pages\/8976\/revisions\/9030"}],"wp:featuredmedia":[{"embeddable":true,"href":"https:\/\/www.arsul.pt\/pt\/wp-json\/wp\/v2\/media\/3430"}],"wp:attachment":[{"href":"https:\/\/www.arsul.pt\/pt\/wp-json\/wp\/v2\/media?parent=8976"}],"curies":[{"name":"wp","href":"https:\/\/api.w.org\/{rel}","templated":true}]}}