{"id":9148,"date":"2025-02-06T15:33:20","date_gmt":"2025-02-06T15:33:20","guid":{"rendered":"https:\/\/www.arsul.pt\/?page_id=9148"},"modified":"2025-04-04T15:55:52","modified_gmt":"2025-04-04T15:55:52","slug":"artigos","status":"publish","type":"page","link":"https:\/\/www.arsul.pt\/pt\/artigos\/","title":{"rendered":"Artigos"},"content":{"rendered":"\t\t<div data-elementor-type=\"wp-page\" data-elementor-id=\"9148\" class=\"elementor elementor-9148\" data-elementor-post-type=\"page\">\n\t\t\t\t\t\t\t\t\t<section class=\"elementor-section elementor-top-section elementor-element elementor-element-810c54f elementor-section-full_width elementor-section-height-default elementor-section-height-default\" data-id=\"810c54f\" data-element_type=\"section\">\n\t\t\t\t\t\t\t<div class=\"elementor-background-overlay\"><\/div>\n\t\t\t\t\t\t\t<div class=\"elementor-container elementor-column-gap-extended\">\n\t\t\t\t\t<div class=\"elementor-column elementor-col-100 elementor-top-column elementor-element elementor-element-7d012b4\" data-id=\"7d012b4\" data-element_type=\"column\">\n\t\t\t<div class=\"elementor-widget-wrap elementor-element-populated\">\n\t\t\t\t\t\t\t\t<div class=\"elementor-element elementor-element-3155427 elementor-posts--align-left elementor-widget__width-inherit elementor-grid-3 elementor-grid-tablet-2 elementor-grid-mobile-1 elementor-posts--thumbnail-top elementor-card-shadow-yes elementor-posts__hover-gradient elementor-widget elementor-widget-posts\" data-id=\"3155427\" data-element_type=\"widget\" data-settings=\"{&quot;cards_row_gap&quot;:{&quot;unit&quot;:&quot;px&quot;,&quot;size&quot;:36,&quot;sizes&quot;:[]},&quot;pagination_type&quot;:&quot;prev_next&quot;,&quot;cards_columns&quot;:&quot;3&quot;,&quot;cards_columns_tablet&quot;:&quot;2&quot;,&quot;cards_columns_mobile&quot;:&quot;1&quot;,&quot;cards_row_gap_tablet&quot;:{&quot;unit&quot;:&quot;px&quot;,&quot;size&quot;:&quot;&quot;,&quot;sizes&quot;:[]},&quot;cards_row_gap_mobile&quot;:{&quot;unit&quot;:&quot;px&quot;,&quot;size&quot;:&quot;&quot;,&quot;sizes&quot;:[]}}\" data-widget_type=\"posts.cards\">\n\t\t\t\t<div class=\"elementor-widget-container\">\n\t\t\t<link rel=\"stylesheet\" href=\"https:\/\/www.arsul.pt\/wp-content\/plugins\/elementor-pro\/assets\/css\/widget-posts.min.css\">\t\t<div class=\"elementor-posts-container elementor-posts elementor-posts--skin-cards elementor-grid\">\n\t\t\t\t<article class=\"elementor-post elementor-grid-item post-9267 post type-post status-publish format-standard has-post-thumbnail hentry category-artigos category-bioclimaticas\">\n\t\t\t<div class=\"elementor-post__card\">\n\t\t\t\t<a class=\"elementor-post__thumbnail__link\" href=\"https:\/\/www.arsul.pt\/pt\/pergulas-bioclimaticas-conforto-e-tecnologia-em-espacos-exteriores\/\" target=\"_blank\"><div class=\"elementor-post__thumbnail\"><img loading=\"lazy\" width=\"768\" height=\"563\" src=\"https:\/\/www.arsul.pt\/wp-content\/uploads\/2024\/07\/Bio-1-768x563.jpg\" class=\"attachment-medium_large size-medium_large wp-image-8621\" alt=\"\" decoding=\"async\" srcset=\"https:\/\/www.arsul.pt\/wp-content\/uploads\/2024\/07\/Bio-1-768x563.jpg 768w, https:\/\/www.arsul.pt\/wp-content\/uploads\/2024\/07\/Bio-1-300x220.jpg 300w, https:\/\/www.arsul.pt\/wp-content\/uploads\/2024\/07\/Bio-1-1024x751.jpg 1024w, https:\/\/www.arsul.pt\/wp-content\/uploads\/2024\/07\/Bio-1-1536x1126.jpg 1536w, https:\/\/www.arsul.pt\/wp-content\/uploads\/2024\/07\/Bio-1-2048x1501.jpg 2048w, https:\/\/www.arsul.pt\/wp-content\/uploads\/2024\/07\/Bio-1-16x12.jpg 16w\" sizes=\"(max-width: 768px) 100vw, 768px\" \/><\/div><\/a>\n\t\t\t\t<div class=\"elementor-post__text\">\n\t\t\t\t<h4 class=\"elementor-post__title\">\n\t\t\t<a href=\"https:\/\/www.arsul.pt\/pt\/pergulas-bioclimaticas-conforto-e-tecnologia-em-espacos-exteriores\/\" target=&quot;_blank&quot;>\n\t\t\t\tP\u00e9rgulas Bioclim\u00e1ticas: Conforto e Tecnologia em Espa\u00e7os Exteriores\t\t\t<\/a>\n\t\t<\/h4>\n\t\t\t\t<div class=\"elementor-post__excerpt\">\n\t\t\t<p>Uma p\u00e9rgula bioclim\u00e1tica \u00e9 uma estrutura inovadora projetada para otimizar o conforto em \u00e1reas externas, combinando design inteligente com funcionalidade adapt\u00e1vel. Composta por l\u00e2minas de alum\u00ednio ajust\u00e1veis (manuais ou motorizadas), ela permite controlar luz, ventila\u00e7\u00e3o e prote\u00e7\u00e3o contra intemp\u00e9ries, criando um microclima personalizado.<\/p>\n\t\t<\/div>\n\t\t\n\t\t<a class=\"elementor-post__read-more\" href=\"https:\/\/www.arsul.pt\/pt\/pergulas-bioclimaticas-conforto-e-tecnologia-em-espacos-exteriores\/\" aria-label=\"Read more about P\u00e9rgulas Bioclim\u00e1ticas: Conforto e Tecnologia em Espa\u00e7os Exteriores\" target=\"_blank\">\n\t\t\tRead More \u00bb\t\t<\/a>\n\n\t\t\t\t<\/div>\n\t\t\t\t<div class=\"elementor-post__meta-data\">\n\t\t\t\t\t<span class=\"elementor-post-date\">\n\t\t\t27 de Mar\u00e7o, 2025\t\t<\/span>\n\t\t\t\t<span class=\"elementor-post-avatar\">\n\t\t\tSem coment\u00e1rios\t\t<\/span>\n\t\t\t\t<\/div>\n\t\t\t\t\t<\/div>\n\t\t<\/article>\n\t\t\t\t<article class=\"elementor-post elementor-grid-item post-9075 post type-post status-publish format-standard has-post-thumbnail hentry category-toldos category-uncategorized\">\n\t\t\t<div class=\"elementor-post__card\">\n\t\t\t\t<a class=\"elementor-post__thumbnail__link\" href=\"https:\/\/www.arsul.pt\/pt\/toldo-de-bracos-extensiveis-a-solucao-perfeita-para-o-seu-espaco-exterior\/\" target=\"_blank\"><div class=\"elementor-post__thumbnail\"><img loading=\"lazy\" width=\"768\" height=\"598\" src=\"https:\/\/www.arsul.pt\/wp-content\/uploads\/2024\/03\/Toldo_5-768x598.jpg\" class=\"attachment-medium_large size-medium_large wp-image-6140\" alt=\"\" decoding=\"async\" srcset=\"https:\/\/www.arsul.pt\/wp-content\/uploads\/2024\/03\/Toldo_5-768x598.jpg 768w, https:\/\/www.arsul.pt\/wp-content\/uploads\/2024\/03\/Toldo_5-300x233.jpg 300w, https:\/\/www.arsul.pt\/wp-content\/uploads\/2024\/03\/Toldo_5-1024x797.jpg 1024w, https:\/\/www.arsul.pt\/wp-content\/uploads\/2024\/03\/Toldo_5-1536x1195.jpg 1536w, https:\/\/www.arsul.pt\/wp-content\/uploads\/2024\/03\/Toldo_5-2048x1594.jpg 2048w\" sizes=\"(max-width: 768px) 100vw, 768px\" \/><\/div><\/a>\n\t\t\t\t<div class=\"elementor-post__text\">\n\t\t\t\t<h4 class=\"elementor-post__title\">\n\t\t\t<a href=\"https:\/\/www.arsul.pt\/pt\/toldo-de-bracos-extensiveis-a-solucao-perfeita-para-o-seu-espaco-exterior\/\" target=&quot;_blank&quot;>\n\t\t\t\tToldo de Bra\u00e7os Extensivos: A Solu\u00e7\u00e3o Perfeita para o Seu Espa\u00e7o Exterior\t\t\t<\/a>\n\t\t<\/h4>\n\t\t\t\t<div class=\"elementor-post__excerpt\">\n\t\t\t\t\t<\/div>\n\t\t\n\t\t<a class=\"elementor-post__read-more\" href=\"https:\/\/www.arsul.pt\/pt\/toldo-de-bracos-extensiveis-a-solucao-perfeita-para-o-seu-espaco-exterior\/\" aria-label=\"Read more about Toldo de Bra\u00e7os Extensivos: A Solu\u00e7\u00e3o Perfeita para o Seu Espa\u00e7o Exterior\" target=\"_blank\">\n\t\t\tRead More \u00bb\t\t<\/a>\n\n\t\t\t\t<\/div>\n\t\t\t\t<div class=\"elementor-post__meta-data\">\n\t\t\t\t\t<span class=\"elementor-post-date\">\n\t\t\t6 de Fevereiro, 2025\t\t<\/span>\n\t\t\t\t<span class=\"elementor-post-avatar\">\n\t\t\tSem coment\u00e1rios\t\t<\/span>\n\t\t\t\t<\/div>\n\t\t\t\t\t<\/div>\n\t\t<\/article>\n\t\t\t\t<\/div>\n\t\t\n\t\t\t\t<\/div>\n\t\t\t\t<\/div>\n\t\t\t\t\t<\/div>\n\t\t<\/div>\n\t\t\t\t\t\t\t<\/div>\n\t\t<\/section>\n\t\t\t\t\t\t\t<\/div>\n\t\t","protected":false},"excerpt":{"rendered":"","protected":false},"author":7,"featured_media":0,"parent":0,"menu_order":0,"comment_status":"closed","ping_status":"closed","template":"","meta":{"footnotes":""},"yoast_head":"<!-- This site is optimized with the Yoast SEO Premium plugin v20.5 (Yoast SEO v20.9) - https:\/\/yoast.com\/wordpress\/plugins\/seo\/ -->\n<title>Artigos - Arsul<\/title>\n<meta name=\"robots\" content=\"index, follow, max-snippet:-1, max-image-preview:large, max-video-preview:-1\" \/>\n<link rel=\"canonical\" href=\"https:\/\/www.arsul.pt\/pt\/artigos\/\" \/>\n<meta property=\"og:locale\" content=\"pt_PT\" \/>\n<meta property=\"og:type\" content=\"article\" \/>\n<meta property=\"og:title\" content=\"Artigos\" \/>\n<meta property=\"og:url\" content=\"https:\/\/www.arsul.pt\/pt\/artigos\/\" \/>\n<meta property=\"og:site_name\" content=\"Arsul\" \/>\n<meta property=\"article:modified_time\" content=\"2025-04-04T15:55:52+00:00\" \/>\n<meta name=\"twitter:card\" content=\"summary_large_image\" \/>\n<meta name=\"twitter:label1\" content=\"Tempo estimado de leitura\" \/>\n\t<meta name=\"twitter:data1\" content=\"2 minutos\" \/>\n<script type=\"application\/ld+json\" class=\"yoast-schema-graph\">{\"@context\":\"https:\/\/schema.org\",\"@graph\":[{\"@type\":\"WebPage\",\"@id\":\"https:\/\/www.arsul.pt\/pt\/artigos\/\",\"url\":\"https:\/\/www.arsul.pt\/pt\/artigos\/\",\"name\":\"Artigos - Arsul\",\"isPartOf\":{\"@id\":\"https:\/\/www.arsul.pt\/#website\"},\"datePublished\":\"2025-02-06T15:33:20+00:00\",\"dateModified\":\"2025-04-04T15:55:52+00:00\",\"breadcrumb\":{\"@id\":\"https:\/\/www.arsul.pt\/pt\/artigos\/#breadcrumb\"},\"inLanguage\":\"pt-PT\",\"potentialAction\":[{\"@type\":\"ReadAction\",\"target\":[\"https:\/\/www.arsul.pt\/pt\/artigos\/\"]}]},{\"@type\":\"BreadcrumbList\",\"@id\":\"https:\/\/www.arsul.pt\/pt\/artigos\/#breadcrumb\",\"itemListElement\":[{\"@type\":\"ListItem\",\"position\":1,\"name\":\"Home\",\"item\":\"https:\/\/www.arsul.pt\/\"},{\"@type\":\"ListItem\",\"position\":2,\"name\":\"Artigos\"}]},{\"@type\":\"WebSite\",\"@id\":\"https:\/\/www.arsul.pt\/#website\",\"url\":\"https:\/\/www.arsul.pt\/\",\"name\":\"Arsul\",\"description\":\"Solu\u00e7\u00f5es \u00e0 sua Medida\",\"publisher\":{\"@id\":\"https:\/\/www.arsul.pt\/#organization\"},\"potentialAction\":[{\"@type\":\"SearchAction\",\"target\":{\"@type\":\"EntryPoint\",\"urlTemplate\":\"https:\/\/www.arsul.pt\/?s={search_term_string}\"},\"query-input\":\"required name=search_term_string\"}],\"inLanguage\":\"pt-PT\"},{\"@type\":\"Organization\",\"@id\":\"https:\/\/www.arsul.pt\/#organization\",\"name\":\"Arsul\",\"url\":\"https:\/\/www.arsul.pt\/\",\"logo\":{\"@type\":\"ImageObject\",\"inLanguage\":\"pt-PT\",\"@id\":\"https:\/\/www.arsul.pt\/#\/schema\/logo\/image\/\",\"url\":\"https:\/\/www.arsul.pt\/wp-content\/uploads\/2023\/10\/arsul_header_logo_final.png\",\"contentUrl\":\"https:\/\/www.arsul.pt\/wp-content\/uploads\/2023\/10\/arsul_header_logo_final.png\",\"width\":200,\"height\":71,\"caption\":\"Arsul\"},\"image\":{\"@id\":\"https:\/\/www.arsul.pt\/#\/schema\/logo\/image\/\"}}]}<\/script>\n<!-- \/ Yoast SEO Premium plugin. -->","yoast_head_json":{"title":"Artigos - Arsul","robots":{"index":"index","follow":"follow","max-snippet":"max-snippet:-1","max-image-preview":"max-image-preview:large","max-video-preview":"max-video-preview:-1"},"canonical":"https:\/\/www.arsul.pt\/pt\/artigos\/","og_locale":"pt_PT","og_type":"article","og_title":"Artigos","og_url":"https:\/\/www.arsul.pt\/pt\/artigos\/","og_site_name":"Arsul","article_modified_time":"2025-04-04T15:55:52+00:00","twitter_card":"summary_large_image","twitter_misc":{"Tempo estimado de leitura":"2 minutos"},"schema":{"@context":"https:\/\/schema.org","@graph":[{"@type":"WebPage","@id":"https:\/\/www.arsul.pt\/pt\/artigos\/","url":"https:\/\/www.arsul.pt\/pt\/artigos\/","name":"Artigos - Arsul","isPartOf":{"@id":"https:\/\/www.arsul.pt\/#website"},"datePublished":"2025-02-06T15:33:20+00:00","dateModified":"2025-04-04T15:55:52+00:00","breadcrumb":{"@id":"https:\/\/www.arsul.pt\/pt\/artigos\/#breadcrumb"},"inLanguage":"pt-PT","potentialAction":[{"@type":"ReadAction","target":["https:\/\/www.arsul.pt\/pt\/artigos\/"]}]},{"@type":"BreadcrumbList","@id":"https:\/\/www.arsul.pt\/pt\/artigos\/#breadcrumb","itemListElement":[{"@type":"ListItem","position":1,"name":"Home","item":"https:\/\/www.arsul.pt\/"},{"@type":"ListItem","position":2,"name":"Artigos"}]},{"@type":"WebSite","@id":"https:\/\/www.arsul.pt\/#website","url":"https:\/\/www.arsul.pt\/","name":"Arsul","description":"Solu\u00e7\u00f5es \u00e0 sua Medida","publisher":{"@id":"https:\/\/www.arsul.pt\/#organization"},"potentialAction":[{"@type":"SearchAction","target":{"@type":"EntryPoint","urlTemplate":"https:\/\/www.arsul.pt\/?s={search_term_string}"},"query-input":"required name=search_term_string"}],"inLanguage":"pt-PT"},{"@type":"Organization","@id":"https:\/\/www.arsul.pt\/#organization","name":"Arsul","url":"https:\/\/www.arsul.pt\/","logo":{"@type":"ImageObject","inLanguage":"pt-PT","@id":"https:\/\/www.arsul.pt\/#\/schema\/logo\/image\/","url":"https:\/\/www.arsul.pt\/wp-content\/uploads\/2023\/10\/arsul_header_logo_final.png","contentUrl":"https:\/\/www.arsul.pt\/wp-content\/uploads\/2023\/10\/arsul_header_logo_final.png","width":200,"height":71,"caption":"Arsul"},"image":{"@id":"https:\/\/www.arsul.pt\/#\/schema\/logo\/image\/"}}]}},"_links":{"self":[{"href":"https:\/\/www.arsul.pt\/pt\/wp-json\/wp\/v2\/pages\/9148"}],"collection":[{"href":"https:\/\/www.arsul.pt\/pt\/wp-json\/wp\/v2\/pages"}],"about":[{"href":"https:\/\/www.arsul.pt\/pt\/wp-json\/wp\/v2\/types\/page"}],"author":[{"embeddable":true,"href":"https:\/\/www.arsul.pt\/pt\/wp-json\/wp\/v2\/users\/7"}],"replies":[{"embeddable":true,"href":"https:\/\/www.arsul.pt\/pt\/wp-json\/wp\/v2\/comments?post=9148"}],"version-history":[{"count":20,"href":"https:\/\/www.arsul.pt\/pt\/wp-json\/wp\/v2\/pages\/9148\/revisions"}],"predecessor-version":[{"id":9361,"href":"https:\/\/www.arsul.pt\/pt\/wp-json\/wp\/v2\/pages\/9148\/revisions\/9361"}],"wp:attachment":[{"href":"https:\/\/www.arsul.pt\/pt\/wp-json\/wp\/v2\/media?parent=9148"}],"curies":[{"name":"wp","href":"https:\/\/api.w.org\/{rel}","templated":true}]}}